{"id":110,"date":"2025-04-21T12:33:04","date_gmt":"2025-04-21T12:33:04","guid":{"rendered":"https:\/\/voxagency.org\/?page_id=110"},"modified":"2025-09-11T08:02:50","modified_gmt":"2025-09-11T08:02:50","slug":"services","status":"publish","type":"page","link":"https:\/\/voxagency.org\/fr\/services\/","title":{"rendered":"Services"},"content":{"rendered":"<div data-elementor-type=\"wp-page\" data-elementor-id=\"110\" class=\"elementor elementor-110\" data-elementor-post-type=\"page\">\n\t\t\t\t<div class=\"elementor-element elementor-element-79a8d99d e-flex e-con-boxed e-con e-parent\" data-id=\"79a8d99d\" data-element_type=\"container\" data-settings=\"{&quot;background_background&quot;:&quot;classic&quot;}\">\n\t\t\t\t\t<div class=\"e-con-inner\">\n\t\t\t\t<div class=\"elementor-element elementor-element-2f88786d animated-slow elementor-invisible elementor-widget elementor-widget-heading\" data-id=\"2f88786d\" data-element_type=\"widget\" data-settings=\"{&quot;_animation&quot;:&quot;slideInUp&quot;}\" data-widget_type=\"heading.default\">\n\t\t\t\t<div class=\"elementor-widget-container\">\n\t\t\t\t\t<h2 class=\"elementor-heading-title elementor-size-default\">Nos services<\/h2>\t\t\t\t<\/div>\n\t\t\t\t<\/div>\n\t\t\t\t\t<\/div>\n\t\t\t\t<\/div>\n\t\t<div class=\"elementor-element elementor-element-6dff48db e-flex e-con-boxed e-con e-parent\" data-id=\"6dff48db\" data-element_type=\"container\" id=\"xs_cta_style_16\">\n\t\t\t\t\t<div class=\"e-con-inner\">\n\t\t<div class=\"elementor-element elementor-element-5286aac3 e-con-full e-flex e-con e-child\" data-id=\"5286aac3\" data-element_type=\"container\">\n\t\t\t\t<div class=\"elementor-element elementor-element-ae714c4 elementor-widget__width-initial elementor-widget elementor-widget-elementskit-heading\" data-id=\"ae714c4\" data-element_type=\"widget\" data-widget_type=\"elementskit-heading.default\">\n\t\t\t\t<div class=\"elementor-widget-container\">\n\t\t\t\t\t<div class=\"ekit-wid-con\" ><div class=\"ekit-heading elementskit-section-title-wraper text_left   ekit_heading_tablet-   ekit_heading_mobile-\"><h2 class=\"ekit-heading--title elementskit-section-title translation-block\">Des esprits cr\u00e9atifs, des <span><span>r\u00e9sultats<\/span><\/span> percutants<\/h2>\t\t\t\t<div class='ekit-heading__description'>\n\t\t\t\t\t<p>Nous offrons des services de communication strat\u00e9giques et cr\u00e9atifs adapt\u00e9s aux projets ayant un impact social.<br \/>Nous combinons la narration, la conception visuelle et les outils num\u00e9riques pour donner vie \u00e0 vos id\u00e9es et atteindre le bon public.<\/p>\n\t\t\t\t<\/div>\n\t\t\t<\/div><\/div>\t\t\t\t<\/div>\n\t\t\t\t<\/div>\n\t\t\t\t<\/div>\n\t\t\t\t\t<\/div>\n\t\t\t\t<\/div>\n\t\t<div class=\"elementor-element elementor-element-5edc9889 e-flex e-con-boxed e-con e-parent\" data-id=\"5edc9889\" data-element_type=\"container\">\n\t\t\t\t\t<div class=\"e-con-inner\">\n\t\t\t\t<div class=\"elementor-element elementor-element-2bf59044 elementor-widget elementor-widget-elementskit-heading\" data-id=\"2bf59044\" data-element_type=\"widget\" data-widget_type=\"elementskit-heading.default\">\n\t\t\t\t<div class=\"elementor-widget-container\">\n\t\t\t\t\t<div class=\"ekit-wid-con\" ><div class=\"ekit-heading elementskit-section-title-wraper center   ekit_heading_tablet-   ekit_heading_mobile-\"><h2 class=\"ekit-heading--title elementskit-section-title\">Nos solutions pour vous<\/h2><div class=\"ekit_heading_separetor_wraper ekit_heading_elementskit-border-divider ekit-dotted\"><div class=\"elementskit-border-divider ekit-dotted\"><\/div><\/div>\t\t\t\t<div class='ekit-heading__description'>\n\t\t\t\t\t<p>Des solutions cr\u00e9atives et efficaces adapt\u00e9es \u00e0 vos besoins.<\/p>\n\t\t\t\t<\/div>\n\t\t\t<\/div><\/div>\t\t\t\t<\/div>\n\t\t\t\t<\/div>\n\t\t<div class=\"elementor-element elementor-element-71efb361 e-con-full e-grid e-con e-child\" data-id=\"71efb361\" data-element_type=\"container\" data-settings=\"{&quot;background_background&quot;:&quot;classic&quot;}\">\n\t\t\t\t<div class=\"elementor-element elementor-element-1dcd6cee ekit-equal-height-disable elementor-widget elementor-widget-elementskit-icon-box\" data-id=\"1dcd6cee\" data-element_type=\"widget\" data-widget_type=\"elementskit-icon-box.default\">\n\t\t\t\t<div class=\"elementor-widget-container\">\n\t\t\t\t\t<div class=\"ekit-wid-con\" >        <!-- link opening -->\n                <!-- end link opening -->\n\n        <div class=\"elementskit-infobox text- text-left icon-lef-right-aligin elementor-animation- media\">\n                    <div class=\"elementskit-box-header elementor-animation-\">\n                <div class=\"elementskit-info-box-icon  text-center\">\n                    <i aria-hidden=\"true\" class=\"elementkit-infobox-icon icon icon-megaphone1\"><\/i>\n                <\/div>\n          <\/div>\n                        <div class=\"box-body\">\n                            <h3 class=\"elementskit-info-box-title\">\n                    Campagnes de communication pour le d\u00e9veloppement                <\/h3>\n                        \t\t  \t<p>Nous cr\u00e9ons des contenus vari\u00e9s pour sensibiliser, informer et mobiliser autour des enjeux du d\u00e9veloppement durable.<\/p>\n                                <\/div>\n        \n        \n                <\/div>\n        <\/div>\t\t\t\t<\/div>\n\t\t\t\t<\/div>\n\t\t\t\t<div class=\"elementor-element elementor-element-413581dd ekit-equal-height-disable elementor-widget elementor-widget-elementskit-icon-box\" data-id=\"413581dd\" data-element_type=\"widget\" data-widget_type=\"elementskit-icon-box.default\">\n\t\t\t\t<div class=\"elementor-widget-container\">\n\t\t\t\t\t<div class=\"ekit-wid-con\" >        <!-- link opening -->\n                <!-- end link opening -->\n\n        <div class=\"elementskit-infobox text- text-left icon-lef-right-aligin elementor-animation- media\">\n                    <div class=\"elementskit-box-header elementor-animation-\">\n                <div class=\"elementskit-info-box-icon  text-center\">\n                    <i aria-hidden=\"true\" class=\"elementkit-infobox-icon icon icon-video-camera\"><\/i>\n                <\/div>\n          <\/div>\n                        <div class=\"box-body\">\n                            <h3 class=\"elementskit-info-box-title\">\n                    Couverture audiovisuelle des \u00e9v\u00e9nements professionnels                <\/h3>\n                        \t\t  \t<p>Nous capturons l\u2019essence de vos \u00e9v\u00e9nements avec une production audiovisuelle de qualit\u00e9, pour une visibilit\u00e9 optimale et un impact durable.<\/p>\n                                <\/div>\n        \n        \n                <\/div>\n        <\/div>\t\t\t\t<\/div>\n\t\t\t\t<\/div>\n\t\t\t\t<div class=\"elementor-element elementor-element-2f937194 ekit-equal-height-disable elementor-widget elementor-widget-elementskit-icon-box\" data-id=\"2f937194\" data-element_type=\"widget\" data-widget_type=\"elementskit-icon-box.default\">\n\t\t\t\t<div class=\"elementor-widget-container\">\n\t\t\t\t\t<div class=\"ekit-wid-con\" >        <!-- link opening -->\n                <!-- end link opening -->\n\n        <div class=\"elementskit-infobox text- text-left icon-lef-right-aligin elementor-animation- media\">\n                    <div class=\"elementskit-box-header elementor-animation-\">\n                <div class=\"elementskit-info-box-icon  text-center\">\n                    <i aria-hidden=\"true\" class=\"elementkit-infobox-icon icon icon-save-money\"><\/i>\n                <\/div>\n          <\/div>\n                        <div class=\"box-body\">\n                            <h3 class=\"elementskit-info-box-title\">\n                    Gestion de campagnes de lev\u00e9e de fonds                <\/h3>\n                        \t\t  \t<p>Nous concevons et menons des campagnes efficaces alliant storytelling, engagement des parties prenantes et strat\u00e9gies multicanales pour maximiser l\u2019impact et les ressources.<\/p>\n                                <\/div>\n        \n        \n                <\/div>\n        <\/div>\t\t\t\t<\/div>\n\t\t\t\t<\/div>\n\t\t\t\t<div class=\"elementor-element elementor-element-4b4d1b20 ekit-equal-height-disable elementor-widget elementor-widget-elementskit-icon-box\" data-id=\"4b4d1b20\" data-element_type=\"widget\" data-widget_type=\"elementskit-icon-box.default\">\n\t\t\t\t<div class=\"elementor-widget-container\">\n\t\t\t\t\t<div class=\"ekit-wid-con\" >        <!-- link opening -->\n                <!-- end link opening -->\n\n        <div class=\"elementskit-infobox text- text-left icon-lef-right-aligin elementor-animation- media\">\n                    <div class=\"elementskit-box-header elementor-animation-\">\n                <div class=\"elementskit-info-box-icon  text-center\">\n                    <i aria-hidden=\"true\" class=\"elementkit-infobox-icon icon icon-calendar2\"><\/i>\n                <\/div>\n          <\/div>\n                        <div class=\"box-body\">\n                            <h3 class=\"elementskit-info-box-title\">\n                    Branding pour \u00e9v\u00e9nements professionnels                 <\/h3>\n                        \t\t  \t<p>Nous cr\u00e9ons des identit\u00e9s visuelles fortes et des strat\u00e9gies de branding coh\u00e9rentes qui valorisent et marquent vos \u00e9v\u00e9nements de la conception \u00e0 la r\u00e9alisation.<\/p>\n                                <\/div>\n        \n        \n                <\/div>\n        <\/div>\t\t\t\t<\/div>\n\t\t\t\t<\/div>\n\t\t\t\t<div class=\"elementor-element elementor-element-57ae822f ekit-equal-height-disable elementor-widget elementor-widget-elementskit-icon-box\" data-id=\"57ae822f\" data-element_type=\"widget\" data-widget_type=\"elementskit-icon-box.default\">\n\t\t\t\t<div class=\"elementor-widget-container\">\n\t\t\t\t\t<div class=\"ekit-wid-con\" >        <!-- link opening -->\n                <!-- end link opening -->\n\n        <div class=\"elementskit-infobox text- text-left icon-lef-right-aligin elementor-animation- media\">\n                    <div class=\"elementskit-box-header elementor-animation-\">\n                <div class=\"elementskit-info-box-icon  text-center\">\n                    <i aria-hidden=\"true\" class=\"elementkit-infobox-icon icon icon-megaphone\"><\/i>\n                <\/div>\n          <\/div>\n                        <div class=\"box-body\">\n                            <h3 class=\"elementskit-info-box-title\">\n                    Campagnes de plaidoyer                <\/h3>\n                        \t\t  \t<p>Nous \u00e9laborons et d\u00e9ployons des campagnes strat\u00e9giques pour sensibiliser, influencer les d\u00e9cideurs et mobiliser les communaut\u00e9s en faveur d\u2019un changement durable.<\/p>\n                                <\/div>\n        \n        \n                <\/div>\n        <\/div>\t\t\t\t<\/div>\n\t\t\t\t<\/div>\n\t\t\t\t<div class=\"elementor-element elementor-element-13d12ea9 ekit-equal-height-disable elementor-widget elementor-widget-elementskit-icon-box\" data-id=\"13d12ea9\" data-element_type=\"widget\" data-widget_type=\"elementskit-icon-box.default\">\n\t\t\t\t<div class=\"elementor-widget-container\">\n\t\t\t\t\t<div class=\"ekit-wid-con\" >        <!-- link opening -->\n                <!-- end link opening -->\n\n        <div class=\"elementskit-infobox text- text-left icon-lef-right-aligin elementor-animation- media\">\n                    <div class=\"elementskit-box-header elementor-animation-\">\n                <div class=\"elementskit-info-box-icon  text-center\">\n                    <i aria-hidden=\"true\" class=\"elementkit-infobox-icon icon icon-communication\"><\/i>\n                <\/div>\n          <\/div>\n                        <div class=\"box-body\">\n                            <h3 class=\"elementskit-info-box-title\">\n                    Formation des \u00e9quipes de communication                <\/h3>\n                        \t\t  \t<p>Nous renfor\u00e7ons les comp\u00e9tences de vos \u00e9quipes en strat\u00e9gie, storytelling, gestion m\u00e9diatique et outils digitaux pour maximiser l\u2019impact de vos initiatives.<\/p>\n                                <\/div>\n        \n        \n                <\/div>\n        <\/div>\t\t\t\t<\/div>\n\t\t\t\t<\/div>\n\t\t\t\t<\/div>\n\t\t\t\t\t<\/div>\n\t\t\t\t<\/div>\n\t\t\t\t<\/div>","protected":false},"excerpt":{"rendered":"<p>Our services Creative minds, impactful results We offer strategic and creative communication services tailored to projects with social impact.We combine storytelling, visual design, and digital tools to bring your ideas to life and reach the right audience. Our solutions for you Creative and effective solutions tailored to your needs. Communication Campaigns for Development We produce&#8230;<\/p>","protected":false},"author":1,"featured_media":0,"parent":0,"menu_order":0,"comment_status":"closed","ping_status":"closed","template":"","meta":{"_kad_post_transparent":"","_kad_post_title":"hide","_kad_post_layout":"fullwidth","_kad_post_sidebar_id":"","_kad_post_content_style":"unboxed","_kad_post_vertical_padding":"hide","_kad_post_feature":"hide","_kad_post_feature_position":"","_kad_post_header":false,"_kad_post_footer":false,"footnotes":""},"class_list":["post-110","page","type-page","status-publish","hentry"],"aioseo_notices":[],"rttpg_featured_image_url":null,"rttpg_author":{"display_name":"Vox Agency","author_link":"https:\/\/voxagency.org\/fr\/author\/vox-agency\/"},"rttpg_comment":0,"rttpg_category":null,"rttpg_excerpt":"Our services Creative minds, impactful results We offer strategic and creative communication services tailored to projects with social impact.We combine storytelling, visual design, and digital tools to bring your ideas to life and reach the right audience. Our solutions for you Creative and effective solutions tailored to your needs. Communication Campaigns for Development We produce...","_links":{"self":[{"href":"https:\/\/voxagency.org\/fr\/wp-json\/wp\/v2\/pages\/110","targetHints":{"allow":["GET"]}}],"collection":[{"href":"https:\/\/voxagency.org\/fr\/wp-json\/wp\/v2\/pages"}],"about":[{"href":"https:\/\/voxagency.org\/fr\/wp-json\/wp\/v2\/types\/page"}],"author":[{"embeddable":true,"href":"https:\/\/voxagency.org\/fr\/wp-json\/wp\/v2\/users\/1"}],"replies":[{"embeddable":true,"href":"https:\/\/voxagency.org\/fr\/wp-json\/wp\/v2\/comments?post=110"}],"version-history":[{"count":199,"href":"https:\/\/voxagency.org\/fr\/wp-json\/wp\/v2\/pages\/110\/revisions"}],"predecessor-version":[{"id":2461,"href":"https:\/\/voxagency.org\/fr\/wp-json\/wp\/v2\/pages\/110\/revisions\/2461"}],"wp:attachment":[{"href":"https:\/\/voxagency.org\/fr\/wp-json\/wp\/v2\/media?parent=110"}],"curies":[{"name":"wp","href":"https:\/\/api.w.org\/{rel}","templated":true}]}}