{"id":1542,"date":"2025-07-16T08:14:35","date_gmt":"2025-07-16T08:14:35","guid":{"rendered":"https:\/\/voxagency.org\/?page_id=1542"},"modified":"2025-08-05T18:35:04","modified_gmt":"2025-08-05T18:35:04","slug":"policy-brief","status":"publish","type":"page","link":"https:\/\/voxagency.org\/fr\/policy-brief\/","title":{"rendered":"Note d'information"},"content":{"rendered":"<div data-elementor-type=\"wp-page\" data-elementor-id=\"1542\" class=\"elementor elementor-1542\" data-elementor-post-type=\"page\">\n\t\t\t\t<div class=\"elementor-element elementor-element-cea8a68 e-flex e-con-boxed e-con e-parent\" data-id=\"cea8a68\" data-element_type=\"container\" data-settings=\"{&quot;background_background&quot;:&quot;gradient&quot;}\">\n\t\t\t\t\t<div class=\"e-con-inner\">\n\t\t\t\t<div class=\"elementor-element elementor-element-ae025fc elementor-widget elementor-widget-spacer\" data-id=\"ae025fc\" data-element_type=\"widget\" data-widget_type=\"spacer.default\">\n\t\t\t\t<div class=\"elementor-widget-container\">\n\t\t\t\t\t\t\t<div class=\"elementor-spacer\">\n\t\t\t<div class=\"elementor-spacer-inner\"><\/div>\n\t\t<\/div>\n\t\t\t\t\t\t<\/div>\n\t\t\t\t<\/div>\n\t\t\t\t<div class=\"elementor-element elementor-element-c726839 elementor-widget elementor-widget-spacer\" data-id=\"c726839\" data-element_type=\"widget\" data-widget_type=\"spacer.default\">\n\t\t\t\t<div class=\"elementor-widget-container\">\n\t\t\t\t\t\t\t<div class=\"elementor-spacer\">\n\t\t\t<div class=\"elementor-spacer-inner\"><\/div>\n\t\t<\/div>\n\t\t\t\t\t\t<\/div>\n\t\t\t\t<\/div>\n\t\t\t\t<div class=\"elementor-element elementor-element-7db8b6d elementor-widget elementor-widget-heading\" data-id=\"7db8b6d\" data-element_type=\"widget\" data-widget_type=\"heading.default\">\n\t\t\t\t<div class=\"elementor-widget-container\">\n\t\t\t\t\t<h2 class=\"elementor-heading-title elementor-size-default\">Notes d'information<\/h2>\t\t\t\t<\/div>\n\t\t\t\t<\/div>\n\t\t\t\t\t<\/div>\n\t\t\t\t<\/div>\n\t\t<div class=\"elementor-element elementor-element-ed12a01 e-flex e-con-boxed e-con e-parent\" data-id=\"ed12a01\" data-element_type=\"container\">\n\t\t\t\t\t<div class=\"e-con-inner\">\n\t\t\t\t<div class=\"elementor-element elementor-element-ca23480 elementor-widget elementor-widget-spacer\" data-id=\"ca23480\" data-element_type=\"widget\" data-widget_type=\"spacer.default\">\n\t\t\t\t<div class=\"elementor-widget-container\">\n\t\t\t\t\t\t\t<div class=\"elementor-spacer\">\n\t\t\t<div class=\"elementor-spacer-inner\"><\/div>\n\t\t<\/div>\n\t\t\t\t\t\t<\/div>\n\t\t\t\t<\/div>\n\t\t\t\t\t<\/div>\n\t\t\t\t<\/div>\n\t\t<div class=\"elementor-element elementor-element-e2936b8 e-flex e-con-boxed e-con e-parent\" data-id=\"e2936b8\" data-element_type=\"container\" data-settings=\"{&quot;background_background&quot;:&quot;classic&quot;}\">\n\t\t\t\t\t<div class=\"e-con-inner\">\n\t\t<div class=\"elementor-element elementor-element-ffa4ba7 e-con-full e-flex e-con e-child\" data-id=\"ffa4ba7\" data-element_type=\"container\">\n\t\t<div class=\"elementor-element elementor-element-175038f e-con-full e-flex e-con e-child\" data-id=\"175038f\" data-element_type=\"container\">\n\t\t\t\t<div class=\"elementor-element elementor-element-bf0354a animated-slow elementor-invisible elementor-widget elementor-widget-image\" data-id=\"bf0354a\" data-element_type=\"widget\" data-settings=\"{&quot;_animation&quot;:&quot;zoomIn&quot;,&quot;_animation_delay&quot;:200}\" data-widget_type=\"image.default\">\n\t\t\t\t<div class=\"elementor-widget-container\">\n\t\t\t\t\t\t\t\t\t\t\t\t\t\t\t\t<a href=\"https:\/\/voxagency.org\/fr\/policy-brief-no-1\/\">\n\t\t\t\t\t\t\t<img fetchpriority=\"high\" decoding=\"async\" width=\"724\" height=\"1024\" src=\"https:\/\/voxagency.org\/wp-content\/uploads\/2025\/08\/policy_brief_no1_voxagency_pollution_plastique-1-724x1024.png\" class=\"attachment-large size-large wp-image-1833\" alt=\"\" srcset=\"https:\/\/voxagency.org\/wp-content\/uploads\/2025\/08\/policy_brief_no1_voxagency_pollution_plastique-1-724x1024.png 724w, https:\/\/voxagency.org\/wp-content\/uploads\/2025\/08\/policy_brief_no1_voxagency_pollution_plastique-1-212x300.png 212w, https:\/\/voxagency.org\/wp-content\/uploads\/2025\/08\/policy_brief_no1_voxagency_pollution_plastique-1-768x1086.png 768w, https:\/\/voxagency.org\/wp-content\/uploads\/2025\/08\/policy_brief_no1_voxagency_pollution_plastique-1-1086x1536.png 1086w, https:\/\/voxagency.org\/wp-content\/uploads\/2025\/08\/policy_brief_no1_voxagency_pollution_plastique-1.png 1414w\" sizes=\"(max-width: 724px) 100vw, 724px\" \/>\t\t\t\t\t\t\t\t<\/a>\n\t\t\t\t\t\t\t\t\t\t\t\t\t\t\t<\/div>\n\t\t\t\t<\/div>\n\t\t\t\t<\/div>\n\t\t<div class=\"elementor-element elementor-element-30d52d3 e-con-full e-flex e-con e-child\" data-id=\"30d52d3\" data-element_type=\"container\">\n\t\t\t\t<div class=\"elementor-element elementor-element-c611f29 elementor-widget elementor-widget-heading\" data-id=\"c611f29\" data-element_type=\"widget\" data-widget_type=\"heading.default\">\n\t\t\t\t<div class=\"elementor-widget-container\">\n\t\t\t\t\t<h2 class=\"elementor-heading-title elementor-size-default\"><a href=\"https:\/\/voxagency.org\/fr\/policy-brief-no-1\/\">La pollution plastique au S\u00e9n\u00e9gal : De la loi \u00e0 l'action\nl'action, Construire une gouvernance\ngouvernance locale pour un\navenir circulaire<\/a><\/h2>\t\t\t\t<\/div>\n\t\t\t\t<\/div>\n\t\t\t\t<div class=\"elementor-element elementor-element-4b8fff7 elementor-widget elementor-widget-text-editor\" data-id=\"4b8fff7\" data-element_type=\"widget\" data-widget_type=\"text-editor.default\">\n\t\t\t\t<div class=\"elementor-widget-container\">\n\t\t\t\t\t\t\t\t\t<p>La pollution plastique est actuellement un d\u00e9fi environnemental et soci\u00e9tal majeur au S\u00e9n\u00e9gal. Chaque ann\u00e9e, plus de 250 000 tonnes de d\u00e9chets plastiques sont produites au S\u00e9n\u00e9gal ...<\/p>\t\t\t\t\t\t\t\t<\/div>\n\t\t\t\t<\/div>\n\t\t\t\t<div class=\"elementor-element elementor-element-cb732e8 elementor-widget elementor-widget-button\" data-id=\"cb732e8\" data-element_type=\"widget\" data-widget_type=\"button.default\">\n\t\t\t\t<div class=\"elementor-widget-container\">\n\t\t\t\t\t\t\t\t\t<div class=\"elementor-button-wrapper\">\n\t\t\t\t\t<a class=\"elementor-button elementor-button-link elementor-size-sm\" href=\"https:\/\/voxagency.org\/fr\/policy-brief-no-1\/\">\n\t\t\t\t\t\t<span class=\"elementor-button-content-wrapper\">\n\t\t\t\t\t\t\t\t\t<span class=\"elementor-button-text\">Lire la publication<\/span>\n\t\t\t\t\t<\/span>\n\t\t\t\t\t<\/a>\n\t\t\t\t<\/div>\n\t\t\t\t\t\t\t\t<\/div>\n\t\t\t\t<\/div>\n\t\t<div class=\"elementor-element elementor-element-541f777 e-con-full e-flex e-con e-child\" data-id=\"541f777\" data-element_type=\"container\">\n\t\t\t\t<div class=\"elementor-element elementor-element-eff464b elementor-align-left elementor-widget elementor-widget-button\" data-id=\"eff464b\" data-element_type=\"widget\" data-widget_type=\"button.default\">\n\t\t\t\t<div class=\"elementor-widget-container\">\n\t\t\t\t\t\t\t\t\t<div class=\"elementor-button-wrapper\">\n\t\t\t\t\t<a class=\"elementor-button elementor-button-link elementor-size-sm\" href=\"https:\/\/voxagency.org\/wp-content\/uploads\/2025\/08\/policy_brief_no1_voxagency_pollution_plastique_french.pdf\" target=\"_blank\">\n\t\t\t\t\t\t<span class=\"elementor-button-content-wrapper\">\n\t\t\t\t\t\t<span class=\"elementor-button-icon\">\n\t\t\t\t<svg aria-hidden=\"true\" class=\"e-font-icon-svg e-fas-arrow-down\" viewbox=\"0 0 448 512\" xmlns=\"http:\/\/www.w3.org\/2000\/svg\"><path d=\"M413.1 222.5l22.2 22.2c9.4 9.4 9.4 24.6 0 33.9L241 473c-9.4 9.4-24.6 9.4-33.9 0L12.7 278.6c-9.4-9.4-9.4-24.6 0-33.9l22.2-22.2c9.5-9.5 25-9.3 34.3.4L184 343.4V56c0-13.3 10.7-24 24-24h32c13.3 0 24 10.7 24 24v287.4l114.8-120.5c9.3-9.8 24.8-10 34.3-.4z\"><\/path><\/svg>\t\t\t<\/span>\n\t\t\t\t\t\t\t\t\t<span class=\"elementor-button-text\">FR<\/span>\n\t\t\t\t\t<\/span>\n\t\t\t\t\t<\/a>\n\t\t\t\t<\/div>\n\t\t\t\t\t\t\t\t<\/div>\n\t\t\t\t<\/div>\n\t\t\t\t<div class=\"elementor-element elementor-element-4d32373 elementor-align-left elementor-widget elementor-widget-button\" data-id=\"4d32373\" data-element_type=\"widget\" data-widget_type=\"button.default\">\n\t\t\t\t<div class=\"elementor-widget-container\">\n\t\t\t\t\t\t\t\t\t<div class=\"elementor-button-wrapper\">\n\t\t\t\t\t<a class=\"elementor-button elementor-button-link elementor-size-sm\" href=\"https:\/\/voxagency.org\/wp-content\/uploads\/2025\/08\/policy_brief_no1_voxagency_pollution_plastique_english.pdf\" target=\"_blank\">\n\t\t\t\t\t\t<span class=\"elementor-button-content-wrapper\">\n\t\t\t\t\t\t<span class=\"elementor-button-icon\">\n\t\t\t\t<svg aria-hidden=\"true\" class=\"e-font-icon-svg e-fas-arrow-down\" viewbox=\"0 0 448 512\" xmlns=\"http:\/\/www.w3.org\/2000\/svg\"><path d=\"M413.1 222.5l22.2 22.2c9.4 9.4 9.4 24.6 0 33.9L241 473c-9.4 9.4-24.6 9.4-33.9 0L12.7 278.6c-9.4-9.4-9.4-24.6 0-33.9l22.2-22.2c9.5-9.5 25-9.3 34.3.4L184 343.4V56c0-13.3 10.7-24 24-24h32c13.3 0 24 10.7 24 24v287.4l114.8-120.5c9.3-9.8 24.8-10 34.3-.4z\"><\/path><\/svg>\t\t\t<\/span>\n\t\t\t\t\t\t\t\t\t<span class=\"elementor-button-text\">FR<\/span>\n\t\t\t\t\t<\/span>\n\t\t\t\t\t<\/a>\n\t\t\t\t<\/div>\n\t\t\t\t\t\t\t\t<\/div>\n\t\t\t\t<\/div>\n\t\t\t\t<\/div>\n\t\t\t\t<\/div>\n\t\t\t\t<\/div>\n\t\t\t\t\t<\/div>\n\t\t\t\t<\/div>\n\t\t\t\t<\/div>","protected":false},"excerpt":{"rendered":"<p>Policy Briefs\u200b Plastic Pollution in Senegal: From Law to Action, Building Local Governance for a Circular Future Plastic pollution is currently a major environmental and societal challenge in Senegal. Each year, over 250,000 tons of plastic waste are produced in Senegal &#8230; Read Publication FR EN<\/p>","protected":false},"author":1,"featured_media":0,"parent":0,"menu_order":0,"comment_status":"closed","ping_status":"closed","template":"","meta":{"_kad_post_transparent":"enable","_kad_post_title":"hide","_kad_post_layout":"fullwidth","_kad_post_sidebar_id":"","_kad_post_content_style":"unboxed","_kad_post_vertical_padding":"hide","_kad_post_feature":"hide","_kad_post_feature_position":"","_kad_post_header":false,"_kad_post_footer":false,"footnotes":""},"class_list":["post-1542","page","type-page","status-publish","hentry"],"aioseo_notices":[],"rttpg_featured_image_url":null,"rttpg_author":{"display_name":"Vox Agency","author_link":"https:\/\/voxagency.org\/fr\/author\/vox-agency\/"},"rttpg_comment":0,"rttpg_category":null,"rttpg_excerpt":"Policy Briefs\u200b Plastic Pollution in Senegal: From Law to Action, Building Local Governance for a Circular Future Plastic pollution is currently a major environmental and societal challenge in Senegal. Each year, over 250,000 tons of plastic waste are produced in Senegal &#8230; Read Publication FR EN","_links":{"self":[{"href":"https:\/\/voxagency.org\/fr\/wp-json\/wp\/v2\/pages\/1542","targetHints":{"allow":["GET"]}}],"collection":[{"href":"https:\/\/voxagency.org\/fr\/wp-json\/wp\/v2\/pages"}],"about":[{"href":"https:\/\/voxagency.org\/fr\/wp-json\/wp\/v2\/types\/page"}],"author":[{"embeddable":true,"href":"https:\/\/voxagency.org\/fr\/wp-json\/wp\/v2\/users\/1"}],"replies":[{"embeddable":true,"href":"https:\/\/voxagency.org\/fr\/wp-json\/wp\/v2\/comments?post=1542"}],"version-history":[{"count":59,"href":"https:\/\/voxagency.org\/fr\/wp-json\/wp\/v2\/pages\/1542\/revisions"}],"predecessor-version":[{"id":3275,"href":"https:\/\/voxagency.org\/fr\/wp-json\/wp\/v2\/pages\/1542\/revisions\/3275"}],"wp:attachment":[{"href":"https:\/\/voxagency.org\/fr\/wp-json\/wp\/v2\/media?parent=1542"}],"curies":[{"name":"wp","href":"https:\/\/api.w.org\/{rel}","templated":true}]}}