{"id":2462,"date":"2025-09-11T08:06:54","date_gmt":"2025-09-11T08:06:54","guid":{"rendered":"https:\/\/voxagency.org\/?page_id=2462"},"modified":"2025-09-12T09:56:10","modified_gmt":"2025-09-12T09:56:10","slug":"publications1","status":"publish","type":"page","link":"https:\/\/voxagency.org\/fr\/publications1\/","title":{"rendered":"Publications"},"content":{"rendered":"<div data-elementor-type=\"wp-page\" data-elementor-id=\"2462\" class=\"elementor elementor-2462\" data-elementor-post-type=\"page\">\n\t\t\t\t\t\t<section class=\"elementor-section elementor-top-section elementor-element elementor-element-028513c2b25148 elementor-section-content-bottom elementor-section-height-min-height elementor-section-boxed elementor-section-height-default elementor-section-items-middle\" data-id=\"028513c2b25148\" data-element_type=\"section\" data-settings=\"{&quot;background_background&quot;:&quot;classic&quot;}\">\n\t\t\t\t\t\t\t<div class=\"elementor-background-overlay\"><\/div>\n\t\t\t\t\t\t\t<div class=\"elementor-container elementor-column-gap-default\">\n\t\t\t\t\t<div class=\"elementor-column elementor-col-100 elementor-top-column elementor-element elementor-element-db50270\" data-id=\"db50270\" data-element_type=\"column\">\n\t\t\t<div class=\"elementor-widget-wrap elementor-element-populated\">\n\t\t\t\t\t\t<div class=\"elementor-element elementor-element-b0fabcb elementor-widget elementor-widget-heading\" data-id=\"b0fabcb\" data-element_type=\"widget\" data-widget_type=\"heading.default\">\n\t\t\t\t<div class=\"elementor-widget-container\">\n\t\t\t\t\t<h2 class=\"elementor-heading-title elementor-size-default\">Publications<\/h2>\t\t\t\t<\/div>\n\t\t\t\t<\/div>\n\t\t\t\t\t<\/div>\n\t\t<\/div>\n\t\t\t\t\t<\/div>\n\t\t<\/section>\n\t\t<div class=\"elementor-element elementor-element-9c65ba7 e-flex e-con-boxed e-con e-parent\" data-id=\"9c65ba7\" data-element_type=\"container\">\n\t\t\t\t\t<div class=\"e-con-inner\">\n\t\t\t\t<div class=\"elementor-element elementor-element-8b1d55c elementor-widget elementor-widget-spacer\" data-id=\"8b1d55c\" data-element_type=\"widget\" data-widget_type=\"spacer.default\">\n\t\t\t\t<div class=\"elementor-widget-container\">\n\t\t\t\t\t\t\t<div class=\"elementor-spacer\">\n\t\t\t<div class=\"elementor-spacer-inner\"><\/div>\n\t\t<\/div>\n\t\t\t\t\t\t<\/div>\n\t\t\t\t<\/div>\n\t\t\t\t\t<\/div>\n\t\t\t\t<\/div>\n\t\t<div class=\"elementor-element elementor-element-a20ff70 e-con-full e-flex e-con e-parent\" data-id=\"a20ff70\" data-element_type=\"container\" data-settings=\"{&quot;background_background&quot;:&quot;classic&quot;}\">\n\t\t\t\t<\/div>\n\t\t\t\t<section class=\"elementor-section elementor-top-section elementor-element elementor-element-7baf942ffe961 elementor-section-boxed elementor-section-height-default elementor-section-height-default\" data-id=\"7baf942ffe961\" data-element_type=\"section\">\n\t\t\t\t\t\t<div class=\"elementor-container elementor-column-gap-custom\">\n\t\t\t\t\t<div class=\"elementor-column elementor-col-66 elementor-top-column elementor-element elementor-element-883438e\" data-id=\"883438e\" data-element_type=\"column\">\n\t\t\t<div class=\"elementor-widget-wrap elementor-element-populated\">\n\t\t\t\t\t\t<div class=\"elementor-element elementor-element-56d3825 title-two-line tpg-is-author-icon-default tpg-img-260 meta-visibility-show section-title-style-style1 title_position_default title_hover_border_default img_hover_animation_default meta_position_default author-image-visibility-icon tpg-category-position-default grid-hover-overlay-type-always tpg-el-box-border-enable tpg-border-bottom-disable elementor-widget elementor-widget-tpg-grid-layout\" data-id=\"56d3825\" data-element_type=\"widget\" data-widget_type=\"tpg-grid-layout.default\">\n\t\t\t\t<div class=\"elementor-widget-container\">\n\t\t\t\t\t\t\t<div class=\"rt-container-fluid rt-tpg-container tpg-el-main-wrapper clearfix grid-layout4-main\"\n\t\t\t id=\"rt-tpg-container-830776586\"\n\t\t\t data-layout=\"grid-layout4\"\n\t\t\t data-grid-style=\"tpg-full-height\"\n\t\t\t data-sc-id=\"elementor\"\n\t\t\t data-el-settings=''\n\t\t\t data-el-query=''\n\t\t\t data-el-path=''\n\t\t>\n\t\t\t\t\t\t<div class='tpg-header-wrapper'>\n\t\t\t\t\n        <div class=\"tpg-widget-heading-wrapper rt-clear heading-style1\">\n            <span class=\"tpg-widget-heading-line line-left\"><\/span>\n\t\t\t<h2 class='tpg-widget-heading'>\n\t\t\t\n\t\t\t\t                    <span>\n\t\t\t\t\t\tTrending News\t\t\t\t\t<\/span>\n\t\t\t\t\t\n\t\t\t\t\t\t\t<\/h2>            <span class=\"tpg-widget-heading-line line-right\"><\/span>\n\n\t\t\t\n        <\/div>\n\n\t\t\n\t\t\t\t\t<\/div>\n\n\t\t\t<div data-title=\"Loading ...\" class=\"rt-row rt-content-loader grid-layout4 grid-behaviour tpg-full-height grid_layout_wrapper\">\n\t\t\t\t\n<div class=\"rt-col-md-6 rt-col-sm-6 rt-col-xs-12 default rt-grid-item\" data-id=\"3133\">\n\t<div class=\"rt-holder tpg-post-holder\">\n\t\t<div class=\"rt-detail rt-el-content-wrapper\">\n\t\t\t\t\t\t\t<div class=\"rt-img-holder tpg-el-image-wrap has-thumbnail\">\n\t\t\t\t\t<a data-id=\"3133\" href=\"https:\/\/voxagency.org\/fr\/mr-ousmane-mbaye-president-of-the-senegalese-chamber-of-mines-cmds-answers-questions-prepared-by-ametrade-ltd\/\" class=\"tpg-post-link\" target=\"_self\">                        <img fetchpriority=\"high\" decoding=\"async\" src=\"https:\/\/voxagency.org\/wp-content\/uploads\/2025\/10\/Photo-1-M.-Ousmane-MBAYE-President-de-la-CMDS-768x512.jpeg\"\n                             class=\"rt-img-responsive\"\n                             width=\"768\"\n                             height=\"512\"\n                             alt=\"Mr. Ousmane MBAYE, President of the Senegalese Chamber of Mines (CMDS), answers questions prepared by AmeTrade Ltd.\">\n\t\t\t\t\t\t\n\t\t\t\t\t\t\t\n\t\t<\/a>\n\t\t        <div class=\"overlay grid-hover-content\"><\/div>\n\t\t\t\t\t\t<\/div>\n\t\t\t\n\t\t\t<div class=\"entry-title-wrapper\">        <div class=\"tpg-separate-category style1 top_left cat-above-title\">\n\t\t\t<span class='categories-links'>\n\t\t\t\n\t\t\t<a class=\"uncategorized\" href=\"https:\/\/voxagency.org\/fr\/category\/uncategorized\/\">Uncategorized<\/a>\t\t\t<\/span>\n        <\/div>\n\t\t<h3 class=\"entry-title\"><a data-id=\"3133\" href=\"https:\/\/voxagency.org\/fr\/mr-ousmane-mbaye-president-of-the-senegalese-chamber-of-mines-cmds-answers-questions-prepared-by-ametrade-ltd\/\" class=\"tpg-post-link\" target=\"_self\">Mr. Ousmane MBAYE, President of the Senegalese Chamber of Mines (CMDS), answers questions prepared by AmeTrade Ltd.<\/a><\/h3><\/div>\n\t\t\t\t\t\t\t<div class=\"post-meta-tags rt-el-post-meta\">\n\t\t\t\t\t            <span class='author'>\n\n\t\t\t\t<i class='flaticon-user'><\/i><span class='author-prefix'>By<\/span><a href=\"https:\/\/voxagency.org\/fr\/author\/vox-agency\/\">Agence Vox<\/a>\t\t\t<\/span>\n\t\t\t            <span class='date'>\n\t\t\t\t<i class='flaticon-calendar'><\/i>\t\t\t\t                    <a href=\"https:\/\/voxagency.org\/fr\/2025\/10\/31\/\">\n\t\t\t\t\toctobre 31, 2025\t\t\t\t<\/a>\n\t\t\t\t\t\t\t<\/span>\n\t\t\t            <span class='categories-links'>\n\t\t\t\t<i class='flaticon-folder'><\/i><a class=\"uncategorized\" href=\"https:\/\/voxagency.org\/fr\/category\/uncategorized\/\">Uncategorized<\/a>\t\t\t<\/span>\n\t\t\t\t\t\t\t<\/div>\n\t\t\t\n\t\t\t\n\t\t\t\t\t<\/div>\n\t<\/div>\n<\/div>\n\n<div class=\"rt-col-md-6 rt-col-sm-6 rt-col-xs-12 default rt-grid-item\" data-id=\"3112\">\n\t<div class=\"rt-holder tpg-post-holder\">\n\t\t<div class=\"rt-detail rt-el-content-wrapper\">\n\t\t\t\t\t\t\t<div class=\"rt-img-holder tpg-el-image-wrap has-thumbnail\">\n\t\t\t\t\t<a data-id=\"3112\" href=\"https:\/\/voxagency.org\/fr\/interview-mr-samba-fall-industry-cleantech-advisor-business-france-senegal-mauritania-answers-questions-prepared-by-ametrade-ltd-as-part-of-the-sim-senegal-2025-event\/\" class=\"tpg-post-link\" target=\"_self\">                        <img decoding=\"async\" src=\"https:\/\/voxagency.org\/wp-content\/uploads\/2025\/10\/Photo-Samba-FALL-Business-France-Senegal-768x512.jpg\"\n                             class=\"rt-img-responsive\"\n                             width=\"768\"\n                             height=\"512\"\n                             alt=\"Interview \u2013 Mr. Samba FALL, Industry &amp; Cleantech Advisor, Business France Senegal \u2013 Mauritania, answers questions prepared by AmeTrade Ltd as part of the SIM Senegal 2025 event.\">\n\t\t\t\t\t\t\n\t\t\t\t\t\t\t\n\t\t<\/a>\n\t\t        <div class=\"overlay grid-hover-content\"><\/div>\n\t\t\t\t\t\t<\/div>\n\t\t\t\n\t\t\t<div class=\"entry-title-wrapper\">        <div class=\"tpg-separate-category style1 top_left cat-above-title\">\n\t\t\t<span class='categories-links'>\n\t\t\t\n\t\t\t<a class=\"uncategorized\" href=\"https:\/\/voxagency.org\/fr\/category\/uncategorized\/\">Uncategorized<\/a>\t\t\t<\/span>\n        <\/div>\n\t\t<h3 class=\"entry-title\"><a data-id=\"3112\" href=\"https:\/\/voxagency.org\/fr\/interview-mr-samba-fall-industry-cleantech-advisor-business-france-senegal-mauritania-answers-questions-prepared-by-ametrade-ltd-as-part-of-the-sim-senegal-2025-event\/\" class=\"tpg-post-link\" target=\"_self\">Interview- Monsieur Ousmane MBAYE, Pr\u00e9sident de la Chambre des Mines du S\u00e9n\u00e9gal (CMDS) r\u00e9pond aux questions pr\u00e9par\u00e9es par AmeTrade Ltd<\/a><\/h3><\/div>\n\t\t\t\t\t\t\t<div class=\"post-meta-tags rt-el-post-meta\">\n\t\t\t\t\t            <span class='author'>\n\n\t\t\t\t<i class='flaticon-user'><\/i><span class='author-prefix'>By<\/span><a href=\"https:\/\/voxagency.org\/fr\/author\/vox-agency\/\">Agence Vox<\/a>\t\t\t<\/span>\n\t\t\t            <span class='date'>\n\t\t\t\t<i class='flaticon-calendar'><\/i>\t\t\t\t                    <a href=\"https:\/\/voxagency.org\/fr\/2025\/10\/10\/\">\n\t\t\t\t\toctobre 10, 2025\t\t\t\t<\/a>\n\t\t\t\t\t\t\t<\/span>\n\t\t\t            <span class='categories-links'>\n\t\t\t\t<i class='flaticon-folder'><\/i><a class=\"uncategorized\" href=\"https:\/\/voxagency.org\/fr\/category\/uncategorized\/\">Uncategorized<\/a>\t\t\t<\/span>\n\t\t\t\t\t\t\t<\/div>\n\t\t\t\n\t\t\t\n\t\t\t\t\t<\/div>\n\t<\/div>\n<\/div>\n\t\t\t<\/div>\n\t\t\t\n\t\t<\/div>\n\t\t\t\t\t\t<\/div>\n\t\t\t\t<\/div>\n\t\t\t\t<div class=\"elementor-element elementor-element-dd4d391 title-two-line tpg-is-author-icon-default tpg-img-180 meta-visibility-show title_position_default title_hover_border_default img_hover_animation_default meta_position_default author-image-visibility-icon tpg-category-position-default grid-hover-overlay-type-always tpg-el-box-border-enable tpg-border-bottom-disable elementor-widget elementor-widget-tpg-grid-layout\" data-id=\"dd4d391\" data-element_type=\"widget\" data-widget_type=\"tpg-grid-layout.default\">\n\t\t\t\t<div class=\"elementor-widget-container\">\n\t\t\t\t\t\t\t<div class=\"rt-container-fluid rt-tpg-container tpg-el-main-wrapper clearfix grid-layout4-main\"\n\t\t\t id=\"rt-tpg-container-3118931239\"\n\t\t\t data-layout=\"grid-layout4\"\n\t\t\t data-grid-style=\"tpg-full-height\"\n\t\t\t data-sc-id=\"elementor\"\n\t\t\t data-el-settings=''\n\t\t\t data-el-query=''\n\t\t\t data-el-path=''\n\t\t>\n\t\t\t\t\t\t<div class='tpg-header-wrapper'>\n\t\t\t\t\t\t\t<\/div>\n\n\t\t\t<div data-title=\"Loading ...\" class=\"rt-row rt-content-loader grid-layout4 grid-behaviour tpg-full-height grid_layout_wrapper\">\n\t\t\t\t\n<div class=\"rt-col-md-4 rt-col-sm-6 rt-col-xs-12 default rt-grid-item\" data-id=\"3133\">\n\t<div class=\"rt-holder tpg-post-holder\">\n\t\t<div class=\"rt-detail rt-el-content-wrapper\">\n\t\t\t\t\t\t\t<div class=\"rt-img-holder tpg-el-image-wrap has-thumbnail\">\n\t\t\t\t\t<a data-id=\"3133\" href=\"https:\/\/voxagency.org\/fr\/mr-ousmane-mbaye-president-of-the-senegalese-chamber-of-mines-cmds-answers-questions-prepared-by-ametrade-ltd\/\" class=\"tpg-post-link\" target=\"_self\">                        <img fetchpriority=\"high\" decoding=\"async\" src=\"https:\/\/voxagency.org\/wp-content\/uploads\/2025\/10\/Photo-1-M.-Ousmane-MBAYE-President-de-la-CMDS-768x512.jpeg\"\n                             class=\"rt-img-responsive\"\n                             width=\"768\"\n                             height=\"512\"\n                             alt=\"Mr. Ousmane MBAYE, President of the Senegalese Chamber of Mines (CMDS), answers questions prepared by AmeTrade Ltd.\">\n\t\t\t\t\t\t\n\t\t\t\t\t\t\t\n\t\t<\/a>\n\t\t        <div class=\"overlay grid-hover-content\"><\/div>\n\t\t\t\t\t\t<\/div>\n\t\t\t\n\t\t\t<div class=\"entry-title-wrapper\">        <div class=\"tpg-separate-category style1 top_left cat-above-title\">\n\t\t\t<span class='categories-links'>\n\t\t\t\n\t\t\t<a class=\"uncategorized\" href=\"https:\/\/voxagency.org\/fr\/category\/uncategorized\/\">Uncategorized<\/a>\t\t\t<\/span>\n        <\/div>\n\t\t<h3 class=\"entry-title\"><a data-id=\"3133\" href=\"https:\/\/voxagency.org\/fr\/mr-ousmane-mbaye-president-of-the-senegalese-chamber-of-mines-cmds-answers-questions-prepared-by-ametrade-ltd\/\" class=\"tpg-post-link\" target=\"_self\">Mr. Ousmane MBAYE, President of the Senegalese Chamber of Mines (CMDS), answers questions prepared by AmeTrade Ltd.<\/a><\/h3><\/div>\n\t\t\t\t\t\t\t<div class=\"post-meta-tags rt-el-post-meta\">\n\t\t\t\t\t            <span class='author'>\n\n\t\t\t\t<i class='flaticon-user'><\/i><span class='author-prefix'>By<\/span><a href=\"https:\/\/voxagency.org\/fr\/author\/vox-agency\/\">Agence Vox<\/a>\t\t\t<\/span>\n\t\t\t            <span class='date'>\n\t\t\t\t<i class='flaticon-calendar'><\/i>\t\t\t\t                    <a href=\"https:\/\/voxagency.org\/fr\/2025\/10\/31\/\">\n\t\t\t\t\toctobre 31, 2025\t\t\t\t<\/a>\n\t\t\t\t\t\t\t<\/span>\n\t\t\t            <span class='categories-links'>\n\t\t\t\t<i class='flaticon-folder'><\/i><a class=\"uncategorized\" href=\"https:\/\/voxagency.org\/fr\/category\/uncategorized\/\">Uncategorized<\/a>\t\t\t<\/span>\n\t\t\t\t\t\t\t<\/div>\n\t\t\t\n\t\t\t\n\t\t\t\t\t<\/div>\n\t<\/div>\n<\/div>\n\n<div class=\"rt-col-md-4 rt-col-sm-6 rt-col-xs-12 default rt-grid-item\" data-id=\"3112\">\n\t<div class=\"rt-holder tpg-post-holder\">\n\t\t<div class=\"rt-detail rt-el-content-wrapper\">\n\t\t\t\t\t\t\t<div class=\"rt-img-holder tpg-el-image-wrap has-thumbnail\">\n\t\t\t\t\t<a data-id=\"3112\" href=\"https:\/\/voxagency.org\/fr\/interview-mr-samba-fall-industry-cleantech-advisor-business-france-senegal-mauritania-answers-questions-prepared-by-ametrade-ltd-as-part-of-the-sim-senegal-2025-event\/\" class=\"tpg-post-link\" target=\"_self\">                        <img decoding=\"async\" src=\"https:\/\/voxagency.org\/wp-content\/uploads\/2025\/10\/Photo-Samba-FALL-Business-France-Senegal-768x512.jpg\"\n                             class=\"rt-img-responsive\"\n                             width=\"768\"\n                             height=\"512\"\n                             alt=\"Interview \u2013 Mr. Samba FALL, Industry &amp; Cleantech Advisor, Business France Senegal \u2013 Mauritania, answers questions prepared by AmeTrade Ltd as part of the SIM Senegal 2025 event.\">\n\t\t\t\t\t\t\n\t\t\t\t\t\t\t\n\t\t<\/a>\n\t\t        <div class=\"overlay grid-hover-content\"><\/div>\n\t\t\t\t\t\t<\/div>\n\t\t\t\n\t\t\t<div class=\"entry-title-wrapper\">        <div class=\"tpg-separate-category style1 top_left cat-above-title\">\n\t\t\t<span class='categories-links'>\n\t\t\t\n\t\t\t<a class=\"uncategorized\" href=\"https:\/\/voxagency.org\/fr\/category\/uncategorized\/\">Uncategorized<\/a>\t\t\t<\/span>\n        <\/div>\n\t\t<h3 class=\"entry-title\"><a data-id=\"3112\" href=\"https:\/\/voxagency.org\/fr\/interview-mr-samba-fall-industry-cleantech-advisor-business-france-senegal-mauritania-answers-questions-prepared-by-ametrade-ltd-as-part-of-the-sim-senegal-2025-event\/\" class=\"tpg-post-link\" target=\"_self\">Interview- Monsieur Ousmane MBAYE, Pr\u00e9sident de la Chambre des Mines du S\u00e9n\u00e9gal (CMDS) r\u00e9pond aux questions pr\u00e9par\u00e9es par AmeTrade Ltd<\/a><\/h3><\/div>\n\t\t\t\t\t\t\t<div class=\"post-meta-tags rt-el-post-meta\">\n\t\t\t\t\t            <span class='author'>\n\n\t\t\t\t<i class='flaticon-user'><\/i><span class='author-prefix'>By<\/span><a href=\"https:\/\/voxagency.org\/fr\/author\/vox-agency\/\">Agence Vox<\/a>\t\t\t<\/span>\n\t\t\t            <span class='date'>\n\t\t\t\t<i class='flaticon-calendar'><\/i>\t\t\t\t                    <a href=\"https:\/\/voxagency.org\/fr\/2025\/10\/10\/\">\n\t\t\t\t\toctobre 10, 2025\t\t\t\t<\/a>\n\t\t\t\t\t\t\t<\/span>\n\t\t\t            <span class='categories-links'>\n\t\t\t\t<i class='flaticon-folder'><\/i><a class=\"uncategorized\" href=\"https:\/\/voxagency.org\/fr\/category\/uncategorized\/\">Uncategorized<\/a>\t\t\t<\/span>\n\t\t\t\t\t\t\t<\/div>\n\t\t\t\n\t\t\t\n\t\t\t\t\t<\/div>\n\t<\/div>\n<\/div>\n\n<div class=\"rt-col-md-4 rt-col-sm-6 rt-col-xs-12 default rt-grid-item\" data-id=\"1678\">\n\t<div class=\"rt-holder tpg-post-holder\">\n\t\t<div class=\"rt-detail rt-el-content-wrapper\">\n\t\t\t\t\t\t\t<div class=\"rt-img-holder tpg-el-image-wrap has-thumbnail\">\n\t\t\t\t\t<a data-id=\"1678\" href=\"https:\/\/voxagency.org\/fr\/limage-au-service-de-la-confiance-vox-agency-signe-une-mission-institutionnelle-aux-cotes-dakassaa\/\" class=\"tpg-post-link\" target=\"_self\">                        <img decoding=\"async\" src=\"https:\/\/voxagency.org\/wp-content\/uploads\/2025\/07\/1J5A0334-e1754389043366-768x542.jpg\"\n                             class=\"rt-img-responsive\"\n                             width=\"768\"\n                             height=\"542\"\n                             alt=\"The image at the service of trust: Vox Agency undertakes an institutional mission alongside Akassaa\">\n\t\t\t\t\t\t\n\t\t\t\t\t\t\t\n\t\t<\/a>\n\t\t        <div class=\"overlay grid-hover-content\"><\/div>\n\t\t\t\t\t\t<\/div>\n\t\t\t\n\t\t\t<div class=\"entry-title-wrapper\">        <div class=\"tpg-separate-category style1 top_left cat-above-title\">\n\t\t\t<span class='categories-links'>\n\t\t\t\n\t\t\t<a class=\"uncategorized\" href=\"https:\/\/voxagency.org\/fr\/category\/uncategorized\/\">Uncategorized<\/a>\t\t\t<\/span>\n        <\/div>\n\t\t<h3 class=\"entry-title\"><a data-id=\"1678\" href=\"https:\/\/voxagency.org\/fr\/limage-au-service-de-la-confiance-vox-agency-signe-une-mission-institutionnelle-aux-cotes-dakassaa\/\" class=\"tpg-post-link\" target=\"_self\">The image at the service of trust: Vox Agency undertakes an institutional mission alongside Akassaa<\/a><\/h3><\/div>\n\t\t\t\t\t\t\t<div class=\"post-meta-tags rt-el-post-meta\">\n\t\t\t\t\t            <span class='author'>\n\n\t\t\t\t<i class='flaticon-user'><\/i><span class='author-prefix'>By<\/span><a href=\"https:\/\/voxagency.org\/fr\/author\/vox-agency\/\">Agence Vox<\/a>\t\t\t<\/span>\n\t\t\t            <span class='date'>\n\t\t\t\t<i class='flaticon-calendar'><\/i>\t\t\t\t                    <a href=\"https:\/\/voxagency.org\/fr\/2025\/07\/17\/\">\n\t\t\t\t\tjuillet 17, 2025\t\t\t\t<\/a>\n\t\t\t\t\t\t\t<\/span>\n\t\t\t            <span class='categories-links'>\n\t\t\t\t<i class='flaticon-folder'><\/i><a class=\"uncategorized\" href=\"https:\/\/voxagency.org\/fr\/category\/uncategorized\/\">Uncategorized<\/a>\t\t\t<\/span>\n\t\t\t\t\t\t\t<\/div>\n\t\t\t\n\t\t\t\n\t\t\t\t\t<\/div>\n\t<\/div>\n<\/div>\n\t\t\t<\/div>\n\t\t\t\n\t\t<\/div>\n\t\t\t\t\t\t<\/div>\n\t\t\t\t<\/div>\n\t\t\t\t\t<\/div>\n\t\t<\/div>\n\t\t\t\t<div class=\"elementor-column elementor-col-33 elementor-top-column elementor-element elementor-element-5241f8b\" data-id=\"5241f8b\" data-element_type=\"column\">\n\t\t\t<div class=\"elementor-widget-wrap elementor-element-populated\">\n\t\t\t\t\t\t<div class=\"elementor-element elementor-element-e46b9dc elementor-shape-square elementor-grid-3 e-grid-align-left tpg-social elementor-widget elementor-widget-social-icons\" data-id=\"e46b9dc\" data-element_type=\"widget\" data-widget_type=\"social-icons.default\">\n\t\t\t\t<div class=\"elementor-widget-container\">\n\t\t\t\t\t\t\t<div class=\"elementor-social-icons-wrapper elementor-grid\" role=\"list\">\n\t\t\t\t\t\t\t<span class=\"elementor-grid-item\" role=\"listitem\">\n\t\t\t\t\t<a class=\"elementor-icon elementor-social-icon elementor-social-icon-facebook elementor-repeater-item-60b6553\" href=\"https:\/\/www.facebook.com\/people\/Vox-Agency\/61568536625418\/?rdid=zisPXzjtvoIrM6wA&#038;share_url=https%3A%2F%2Fwww.facebook.com%2Fshare%2F162Uth4p9y%2F\" target=\"_blank\">\n\t\t\t\t\t\t<span class=\"elementor-screen-only\">Facebook<\/span>\n\t\t\t\t\t\t<svg aria-hidden=\"true\" class=\"e-font-icon-svg e-fab-facebook\" viewbox=\"0 0 512 512\" xmlns=\"http:\/\/www.w3.org\/2000\/svg\"><path d=\"M504 256C504 119 393 8 256 8S8 119 8 256c0 123.78 90.69 226.38 209.25 245V327.69h-63V256h63v-54.64c0-62.15 37-96.48 93.67-96.48 27.14 0 55.52 4.84 55.52 4.84v61h-31.28c-30.8 0-40.41 19.12-40.41 38.73V256h68.78l-11 71.69h-57.78V501C413.31 482.38 504 379.78 504 256z\"><\/path><\/svg>\t\t\t\t\t<\/a>\n\t\t\t\t<\/span>\n\t\t\t\t\t\t\t<span class=\"elementor-grid-item\" role=\"listitem\">\n\t\t\t\t\t<a class=\"elementor-icon elementor-social-icon elementor-social-icon-youtube elementor-repeater-item-f1ddd17\" href=\"https:\/\/www.youtube.com\/@Voxagency-b2y\" target=\"_blank\">\n\t\t\t\t\t\t<span class=\"elementor-screen-only\">Youtube<\/span>\n\t\t\t\t\t\t<svg aria-hidden=\"true\" class=\"e-font-icon-svg e-fab-youtube\" viewbox=\"0 0 576 512\" xmlns=\"http:\/\/www.w3.org\/2000\/svg\"><path d=\"M549.655 124.083c-6.281-23.65-24.787-42.276-48.284-48.597C458.781 64 288 64 288 64S117.22 64 74.629 75.486c-23.497 6.322-42.003 24.947-48.284 48.597-11.412 42.867-11.412 132.305-11.412 132.305s0 89.438 11.412 132.305c6.281 23.65 24.787 41.5 48.284 47.821C117.22 448 288 448 288 448s170.78 0 213.371-11.486c23.497-6.321 42.003-24.171 48.284-47.821 11.412-42.867 11.412-132.305 11.412-132.305s0-89.438-11.412-132.305zm-317.51 213.508V175.185l142.739 81.205-142.739 81.201z\"><\/path><\/svg>\t\t\t\t\t<\/a>\n\t\t\t\t<\/span>\n\t\t\t\t\t\t\t<span class=\"elementor-grid-item\" role=\"listitem\">\n\t\t\t\t\t<a class=\"elementor-icon elementor-social-icon elementor-social-icon-linkedin elementor-repeater-item-23de0f9\" href=\"https:\/\/www.linkedin.com\/company\/vox-agencyy\/\" target=\"_blank\">\n\t\t\t\t\t\t<span class=\"elementor-screen-only\">Linkedin<\/span>\n\t\t\t\t\t\t<svg aria-hidden=\"true\" class=\"e-font-icon-svg e-fab-linkedin\" viewbox=\"0 0 448 512\" xmlns=\"http:\/\/www.w3.org\/2000\/svg\"><path d=\"M416 32H31.9C14.3 32 0 46.5 0 64.3v383.4C0 465.5 14.3 480 31.9 480H416c17.6 0 32-14.5 32-32.3V64.3c0-17.8-14.4-32.3-32-32.3zM135.4 416H69V202.2h66.5V416zm-33.2-243c-21.3 0-38.5-17.3-38.5-38.5S80.9 96 102.2 96c21.2 0 38.5 17.3 38.5 38.5 0 21.3-17.2 38.5-38.5 38.5zm282.1 243h-66.4V312c0-24.8-.5-56.7-34.5-56.7-34.6 0-39.9 27-39.9 54.9V416h-66.4V202.2h63.7v29.2h.9c8.9-16.8 30.6-34.5 62.9-34.5 67.2 0 79.7 44.3 79.7 101.9V416z\"><\/path><\/svg>\t\t\t\t\t<\/a>\n\t\t\t\t<\/span>\n\t\t\t\t\t<\/div>\n\t\t\t\t\t\t<\/div>\n\t\t\t\t<\/div>\n\t\t\t\t\t<\/div>\n\t\t<\/div>\n\t\t\t\t\t<\/div>\n\t\t<\/section>\n\t\t\t\t<\/div>","protected":false},"excerpt":{"rendered":"<p>Publications Trending News Uncategorized The image at the service of trust: Vox Agency undertakes an institutional mission alongside Akassaa ByVox Agency juillet 17, 2025 Uncategorized Uncategorized A clear graphic identity for a strategic summit in West Africa: Vox Agency alongside UNFPA for HISWACA 2025 ByVox Agency juillet 10, 2025 Uncategorized Uncategorized The image at the&#8230;<\/p>","protected":false},"author":1,"featured_media":0,"parent":0,"menu_order":0,"comment_status":"closed","ping_status":"closed","template":"","meta":{"_kad_post_transparent":"enable","_kad_post_title":"hide","_kad_post_layout":"fullwidth","_kad_post_sidebar_id":"","_kad_post_content_style":"unboxed","_kad_post_vertical_padding":"hide","_kad_post_feature":"hide","_kad_post_feature_position":"","_kad_post_header":false,"_kad_post_footer":false,"footnotes":""},"class_list":["post-2462","page","type-page","status-publish","hentry"],"aioseo_notices":[],"rttpg_featured_image_url":null,"rttpg_author":{"display_name":"Vox Agency","author_link":"https:\/\/voxagency.org\/fr\/author\/vox-agency\/"},"rttpg_comment":0,"rttpg_category":"","rttpg_excerpt":"Publications Trending News Uncategorized The image at the service of trust: Vox Agency undertakes an institutional mission alongside Akassaa ByVox Agency juillet 17, 2025 Uncategorized Uncategorized A clear graphic identity for a strategic summit in West Africa: Vox Agency alongside UNFPA for HISWACA 2025 ByVox Agency juillet 10, 2025 Uncategorized Uncategorized The image at the...","_links":{"self":[{"href":"https:\/\/voxagency.org\/fr\/wp-json\/wp\/v2\/pages\/2462","targetHints":{"allow":["GET"]}}],"collection":[{"href":"https:\/\/voxagency.org\/fr\/wp-json\/wp\/v2\/pages"}],"about":[{"href":"https:\/\/voxagency.org\/fr\/wp-json\/wp\/v2\/types\/page"}],"author":[{"embeddable":true,"href":"https:\/\/voxagency.org\/fr\/wp-json\/wp\/v2\/users\/1"}],"replies":[{"embeddable":true,"href":"https:\/\/voxagency.org\/fr\/wp-json\/wp\/v2\/comments?post=2462"}],"version-history":[{"count":40,"href":"https:\/\/voxagency.org\/fr\/wp-json\/wp\/v2\/pages\/2462\/revisions"}],"predecessor-version":[{"id":3082,"href":"https:\/\/voxagency.org\/fr\/wp-json\/wp\/v2\/pages\/2462\/revisions\/3082"}],"wp:attachment":[{"href":"https:\/\/voxagency.org\/fr\/wp-json\/wp\/v2\/media?parent=2462"}],"curies":[{"name":"wp","href":"https:\/\/api.w.org\/{rel}","templated":true}]}}